{"id":137,"date":"2022-09-08T09:57:14","date_gmt":"2022-09-08T09:57:14","guid":{"rendered":"https:\/\/klasterspoleczny.pl\/?page_id=137"},"modified":"2025-10-23T17:11:14","modified_gmt":"2025-10-23T17:11:14","slug":"o-nas","status":"publish","type":"page","link":"https:\/\/sapereaudelomza.pl\/?page_id=137","title":{"rendered":"Kim jeste\u015bmy?"},"content":{"rendered":"<p>[et_pb_section fb_built=&#8221;1&#8243; custom_padding_last_edited=&#8221;off|desktop&#8221; admin_label=&#8221;Header&#8221; _builder_version=&#8221;4.27.4&#8243; background_color=&#8221;#2a2e40&#8243; use_background_color_gradient=&#8221;on&#8221; background_color_gradient_type=&#8221;circular&#8221; background_color_gradient_stops=&#8221;rgba(42,46,64,0) 0%|#2a2e40 98%&#8221; background_color_gradient_overlays_image=&#8221;on&#8221; background_color_gradient_start=&#8221;rgba(42,46,64,0)&#8221; background_color_gradient_end=&#8221;#2a2e40&#8243; background_color_gradient_end_position=&#8221;70%&#8221; background_image=&#8221;https:\/\/sapereaudelomza.pl\/wp-content\/uploads\/2025\/09\/slajd7.jpg&#8221; background_position=&#8221;top_center&#8221; custom_padding=&#8221;||0px&#8221; custom_padding_tablet=&#8221;0vw||&#8221; custom_padding_phone=&#8221;0vw||&#8221; hover_enabled=&#8221;0&#8243; global_colors_info=&#8221;{}&#8221; sticky_enabled=&#8221;0&#8243;][et_pb_row custom_padding_last_edited=&#8221;on|tablet&#8221; _builder_version=&#8221;4.27.4&#8243; max_width=&#8221;80%&#8221; min_height=&#8221;350px&#8221; custom_margin=&#8221;||&#8221; custom_padding=&#8221;||0||false|false&#8221; custom_padding_tablet=&#8221;||40px|0%&#8221; custom_padding_phone=&#8221;&#8221; use_custom_width=&#8221;on&#8221; width_unit=&#8221;off&#8221; global_colors_info=&#8221;{}&#8221;][et_pb_column type=&#8221;4_4&#8243; _builder_version=&#8221;4.16&#8243; custom_padding=&#8221;|||&#8221; global_colors_info=&#8221;{}&#8221; custom_padding__hover=&#8221;|||&#8221;][et_pb_text _builder_version=&#8221;4.27.4&#8243; text_font=&#8221;Montserrat|500||on|||||&#8221; text_text_color=&#8221;#FFFFFF&#8221; text_font_size=&#8221;26px&#8221; text_letter_spacing=&#8221;3px&#8221; custom_margin=&#8221;||45px|&#8221; animation_style=&#8221;slide&#8221; animation_direction=&#8221;bottom&#8221; text_font_size_tablet=&#8221;17px&#8221; text_font_size_phone=&#8221;17px&#8221; text_font_size_last_edited=&#8221;on|phone&#8221; locked=&#8221;off&#8221; global_colors_info=&#8221;{}&#8221;]<\/p>\n<p><strong>Stowarzyszenie Sapere Aude<\/strong><\/p>\n<p>[\/et_pb_text][et_pb_text _builder_version=&#8221;4.27.4&#8243; text_font=&#8221;||||||||&#8221; header_font=&#8221;Montserrat|700||on|||||dotted&#8221; header_text_color=&#8221;#FFFFFF&#8221; header_font_size=&#8221;60px&#8221; header_line_height=&#8221;1.3em&#8221; header_2_font_size=&#8221;60px&#8221; header_3_text_color=&#8221;#FFFFFF&#8221; header_4_font_size=&#8221;60px&#8221; header_5_font_size=&#8221;60px&#8221; header_6_font_size=&#8221;60px&#8221; background_size=&#8221;initial&#8221; background_position=&#8221;top_left&#8221; background_repeat=&#8221;repeat&#8221; custom_margin=&#8221;|||&#8221; animation_style=&#8221;fade&#8221; header_font_size_tablet=&#8221;28px&#8221; header_font_size_phone=&#8221;&#8221; header_font_size_last_edited=&#8221;on|tablet&#8221; header_2_font_size_tablet=&#8221;28px&#8221; header_2_font_size_phone=&#8221;&#8221; header_2_font_size_last_edited=&#8221;on|tablet&#8221; header_3_font_size_tablet=&#8221;22px&#8221; header_3_font_size_phone=&#8221;&#8221; header_3_font_size_last_edited=&#8221;on|tablet&#8221; header_4_font_size_tablet=&#8221;28px&#8221; header_4_font_size_phone=&#8221;&#8221; header_4_font_size_last_edited=&#8221;on|tablet&#8221; header_5_font_size_tablet=&#8221;28px&#8221; header_5_font_size_phone=&#8221;&#8221; header_5_font_size_last_edited=&#8221;on|tablet&#8221; header_6_font_size_tablet=&#8221;28px&#8221; header_6_font_size_phone=&#8221;&#8221; header_6_font_size_last_edited=&#8221;on|tablet&#8221; global_colors_info=&#8221;{}&#8221;]<\/p>\n<h3>email: biuro@klasterspoleczny.pl<\/h3>\n<h1>Kim jeste\u015bmy?<\/h1>\n<p>[\/et_pb_text][et_pb_button button_text=&#8221;Zapraszamy&#8221; _builder_version=&#8221;4.18.0&#8243; custom_button=&#8221;on&#8221; button_text_color=&#8221;#ffffff&#8221; button_border_width=&#8221;4px&#8221; button_border_color=&#8221;#ffffff&#8221; button_border_radius=&#8221;100px&#8221; button_letter_spacing=&#8221;2px&#8221; button_font=&#8221;Montserrat|on||on|&#8221; button_icon=&#8221;&#x45;||divi||400&#8243; animation_style=&#8221;fade&#8221; button_text_color_hover=&#8221;#ffffff&#8221; button_border_color_hover=&#8221;#ffffff&#8221; button_letter_spacing_hover=&#8221;2px&#8221; button_bg_color_hover=&#8221;rgba(0,0,0,0)&#8221; locked=&#8221;off&#8221; global_colors_info=&#8221;{}&#8221; button_text_size__hover_enabled=&#8221;off&#8221; button_one_text_size__hover_enabled=&#8221;off&#8221; button_two_text_size__hover_enabled=&#8221;off&#8221; button_text_color__hover_enabled=&#8221;on&#8221; button_text_color__hover=&#8221;#ffffff&#8221; button_one_text_color__hover_enabled=&#8221;off&#8221; button_two_text_color__hover_enabled=&#8221;off&#8221; button_border_width__hover_enabled=&#8221;off&#8221; button_one_border_width__hover_enabled=&#8221;off&#8221; button_two_border_width__hover_enabled=&#8221;off&#8221; button_border_color__hover_enabled=&#8221;on&#8221; button_border_color__hover=&#8221;#ffffff&#8221; button_one_border_color__hover_enabled=&#8221;off&#8221; button_two_border_color__hover_enabled=&#8221;off&#8221; button_border_radius__hover_enabled=&#8221;off&#8221; button_one_border_radius__hover_enabled=&#8221;off&#8221; button_two_border_radius__hover_enabled=&#8221;off&#8221; button_letter_spacing__hover_enabled=&#8221;on&#8221; button_letter_spacing__hover=&#8221;2px&#8221; button_one_letter_spacing__hover_enabled=&#8221;off&#8221; button_two_letter_spacing__hover_enabled=&#8221;off&#8221; button_bg_color__hover_enabled=&#8221;on&#8221; button_bg_color__hover=&#8221;rgba(0,0,0,0)&#8221; button_one_bg_color__hover_enabled=&#8221;off&#8221; button_two_bg_color__hover_enabled=&#8221;off&#8221;][\/et_pb_button][\/et_pb_column][\/et_pb_row][et_pb_row column_structure=&#8221;1_2,1_2&#8243; custom_padding_last_edited=&#8221;off|desktop&#8221; padding_top_bottom_link_2=&#8221;true&#8221; padding_left_right_link_2=&#8221;true&#8221; _builder_version=&#8221;4.27.4&#8243; width=&#8221;100%&#8221; max_width=&#8221;100%&#8221; module_alignment=&#8221;right&#8221; custom_margin_tablet=&#8221;7vw||&#8221; custom_padding=&#8221;0|0px|0|0px|false|false&#8221; animation_direction=&#8221;left&#8221; use_custom_width=&#8221;on&#8221; width_unit=&#8221;off&#8221; custom_width_percent=&#8221;100%&#8221; locked=&#8221;off&#8221; global_colors_info=&#8221;{}&#8221;][et_pb_column type=&#8221;1_2&#8243; _builder_version=&#8221;4.16&#8243; custom_padding=&#8221;|||&#8221; custom_padding_tablet=&#8221;40px|||&#8221; custom_padding_phone=&#8221;20px|||&#8221; global_colors_info=&#8221;{}&#8221; padding_phone=&#8221;20px|||&#8221; padding_tablet=&#8221;40px|||&#8221; custom_padding__hover=&#8221;|||&#8221;][\/et_pb_column][et_pb_column type=&#8221;1_2&#8243; _builder_version=&#8221;4.27.4&#8243; background_color=&#8221;#fe7640&#8243; custom_padding=&#8221;20px|40px|10px|40px|false|false&#8221; custom_padding_tablet=&#8221;|40px||40px||true&#8221; custom_padding_phone=&#8221;|||&#8221; custom_padding_last_edited=&#8221;off|desktop&#8221; border_radii=&#8221;off|32px|||&#8221; global_colors_info=&#8221;{}&#8221; padding_phone=&#8221;|||&#8221; padding_tablet=&#8221;|40px||40px||true&#8221; padding_last_edited=&#8221;off|desktop&#8221; custom_padding__hover=&#8221;|||&#8221;][et_pb_text _builder_version=&#8221;4.27.4&#8243; text_font=&#8221;||||||||&#8221; header_font=&#8221;||||||||&#8221; header_text_color=&#8221;#ffffff&#8221; header_3_font=&#8221;||||||||&#8221; header_3_text_color=&#8221;#ffffff&#8221; header_3_font_size=&#8221;16px&#8221; header_3_letter_spacing=&#8221;3px&#8221; header_3_line_height=&#8221;1.3em&#8221; header_4_font=&#8221;||on||||||&#8221; header_4_font_size=&#8221;16px&#8221; header_5_font=&#8221;Oswald|||on|||||&#8221; header_5_text_color=&#8221;rgba(0,0,0,0.3)&#8221; header_5_font_size=&#8221;20px&#8221; header_5_letter_spacing=&#8221;5px&#8221; header_5_line_height=&#8221;1.8em&#8221; header_3_font_size_tablet=&#8221;20px&#8221; header_3_font_size_phone=&#8221;14px&#8221; header_3_font_size_last_edited=&#8221;on|tablet&#8221; header_3_letter_spacing_phone=&#8221;5px&#8221; header_3_letter_spacing_last_edited=&#8221;off|desktop&#8221; global_colors_info=&#8221;{}&#8221;]<\/p>\n<h3>Stowarzyszenie Sapere Aude z siedzib\u0105 w \u0141om\u017cy to oddolna inicjatywa spo\u0142eczna, kt\u00f3rej celem jest rozw\u00f3j aktywno\u015bci obywatelskiej, wspieranie m\u0142odzie\u017cy, senior\u00f3w i ca\u0142ych spo\u0142eczno\u015bci lokalnych w podejmowaniu dzia\u0142a\u0144 na rzecz dobra wsp\u00f3lnego.<\/h3>\n<p>[\/et_pb_text][\/et_pb_column][\/et_pb_row][\/et_pb_section][et_pb_section fb_built=&#8221;1&#8243; admin_label=&#8221;Testimonial Section&#8221; _builder_version=&#8221;4.27.4&#8243; custom_margin=&#8221;|||&#8221; saved_tabs=&#8221;all&#8221; global_colors_info=&#8221;{}&#8221;][et_pb_row admin_label=&#8221;Testimonial Title&#8221; _builder_version=&#8221;4.27.4&#8243; custom_margin=&#8221;|||&#8221; animation_style=&#8221;fade&#8221; global_colors_info=&#8221;{}&#8221;][et_pb_column type=&#8221;4_4&#8243; _builder_version=&#8221;4.27.4&#8243; custom_padding=&#8221;|||&#8221; global_colors_info=&#8221;{}&#8221; custom_padding__hover=&#8221;|||&#8221;][et_pb_text _builder_version=&#8221;4.27.4&#8243; _module_preset=&#8221;default&#8221; global_colors_info=&#8221;{}&#8221;]<\/p>\n<h1><img loading=\"lazy\" decoding=\"async\" class=\"wp-image-405  aligncenter\" src=\"https:\/\/sapereaudelomza.pl\/wp-content\/uploads\/2025\/09\/sapereaude.jpeg\" alt=\"\" width=\"180\" height=\"241\" \/><\/h1>\n<h1>Kim jeste\u015bmy?<\/h1>\n<p>Stowarzyszenie Sapere Aude z siedzib\u0105 w \u0141om\u017cy dzia\u0142a od 2018 roku. Powsta\u0142o jako oddolna inicjatywa spo\u0142eczna, kt\u00f3rej celem jest rozw\u00f3j aktywno\u015bci obywatelskiej, wspieranie m\u0142odzie\u017cy, senior\u00f3w i ca\u0142ych spo\u0142eczno\u015bci lokalnych w podejmowaniu dzia\u0142a\u0144 na rzecz dobra wsp\u00f3lnego.<br \/>\nNa czele stowarzyszenia stoi Tomasz Wr\u00f3blewski \u2013 prezes zarz\u0105du, spo\u0142ecznik, inicjator wielu projekt\u00f3w obywatelskich i edukacyjnych w regionie.<\/p>\n<h2>Nasza dzia\u0142alno\u015b\u0107<\/h2>\n<p>Od pocz\u0105tku istnienia skupiamy si\u0119 na projektach odpowiadaj\u0105cych na realne potrzeby mieszka\u0144c\u00f3w \u0141om\u017cy i okolic. Nasze dzia\u0142ania obejmuj\u0105:<\/p>\n<p>&#8211; kampanie dotycz\u0105ce zdrowia psychicznego m\u0142odzie\u017cy, budowanie \u015bwiadomo\u015bci i przeciwdzia\u0142anie kryzysom emocjonalnym,<\/p>\n<p>&#8211; aktywizacj\u0119 senior\u00f3w, w tym dzia\u0142ania integracyjne i wspieraj\u0105ce w\u0142\u0105czanie ich w \u017cycie publiczne,<\/p>\n<p>&#8211; debaty obywatelskie i edukacyjne, kt\u00f3re rozwijaj\u0105 kompetencje spo\u0142eczne i ucz\u0105 dialogu,<\/p>\n<p>&#8211; wzmacnianie obywatelstwa szkolnego \u2013 poprzez Szkolny Bud\u017cet Obywatelski, Inicjatyw\u0119 Uchwa\u0142odawcz\u0105 i projekty ucz\u0105ce samodzielnego podejmowania decyzji,<\/p>\n<p>&#8211; \u0141om\u017cy\u0144ski Szkolny Bud\u017cet Obywatelski \u2013 nowatorsk\u0105 inicjatyw\u0119, dzi\u0119ki kt\u00f3rej uczniowie \u0142om\u017cy\u0144skich szk\u00f3\u0142 \u015brednich mog\u0105 sami zg\u0142asza\u0107 projekty, g\u0142osowa\u0107 na najlepsze pomys\u0142y i realnie wsp\u00f3\u0142decydowa\u0107 o zmianach w swojej szkole.<\/p>\n<h2>Nasza rola<\/h2>\n<p>Nasz\u0105 ambicj\u0105 jest tworzenie przestrzeni, w kt\u00f3rej m\u0142odzi ludzie, seniorzy i ca\u0142e spo\u0142eczno\u015bci lokalne mog\u0105 realnie wp\u0142ywa\u0107 na swoje otoczenie. Wspieramy ich w odwadze zabierania g\u0142osu, podejmowania inicjatyw i wprowadzania zmian, kt\u00f3re poprawiaj\u0105 jako\u015b\u0107 \u017cycia i buduj\u0105 spo\u0142ecze\u0144stwo oparte na dialogu, szacunku i odpowiedzialno\u015bci.[\/et_pb_text][\/et_pb_column][\/et_pb_row][\/et_pb_section]<\/p>\n","protected":false},"excerpt":{"rendered":"<p>Stowarzyszenie Sapere Audeemail: biuro@klasterspoleczny.pl Kim jeste\u015bmy?Stowarzyszenie Sapere Aude z siedzib\u0105 w \u0141om\u017cy to oddolna inicjatywa spo\u0142eczna, kt\u00f3rej celem jest rozw\u00f3j aktywno\u015bci obywatelskiej, wspieranie m\u0142odzie\u017cy, senior\u00f3w i ca\u0142ych spo\u0142eczno\u015bci lokalnych w podejmowaniu dzia\u0142a\u0144 na rzecz dobra wsp\u00f3lnego. Kim jeste\u015bmy? Stowarzyszenie Sapere Aude z siedzib\u0105 w \u0141om\u017cy dzia\u0142a od 2018 roku. Powsta\u0142o jako oddolna inicjatywa spo\u0142eczna, kt\u00f3rej [&hellip;]<\/p>\n","protected":false},"author":1,"featured_media":0,"parent":0,"menu_order":0,"comment_status":"closed","ping_status":"closed","template":"","meta":{"_et_pb_use_builder":"on","_et_pb_old_content":"","_et_gb_content_width":"","footnotes":""},"class_list":["post-137","page","type-page","status-publish","hentry"],"_links":{"self":[{"href":"https:\/\/sapereaudelomza.pl\/index.php?rest_route=\/wp\/v2\/pages\/137","targetHints":{"allow":["GET"]}}],"collection":[{"href":"https:\/\/sapereaudelomza.pl\/index.php?rest_route=\/wp\/v2\/pages"}],"about":[{"href":"https:\/\/sapereaudelomza.pl\/index.php?rest_route=\/wp\/v2\/types\/page"}],"author":[{"embeddable":true,"href":"https:\/\/sapereaudelomza.pl\/index.php?rest_route=\/wp\/v2\/users\/1"}],"replies":[{"embeddable":true,"href":"https:\/\/sapereaudelomza.pl\/index.php?rest_route=%2Fwp%2Fv2%2Fcomments&post=137"}],"version-history":[{"count":14,"href":"https:\/\/sapereaudelomza.pl\/index.php?rest_route=\/wp\/v2\/pages\/137\/revisions"}],"predecessor-version":[{"id":658,"href":"https:\/\/sapereaudelomza.pl\/index.php?rest_route=\/wp\/v2\/pages\/137\/revisions\/658"}],"wp:attachment":[{"href":"https:\/\/sapereaudelomza.pl\/index.php?rest_route=%2Fwp%2Fv2%2Fmedia&parent=137"}],"curies":[{"name":"wp","href":"https:\/\/api.w.org\/{rel}","templated":true}]}}